{"id":3102,"date":"2024-12-03T01:13:18","date_gmt":"2024-12-03T00:13:18","guid":{"rendered":"https:\/\/iracacapital.com\/?page_id=3102"},"modified":"2024-12-03T01:23:57","modified_gmt":"2024-12-03T00:23:57","slug":"carlos-gomez","status":"publish","type":"page","link":"https:\/\/iracacapital.com\/?page_id=3102","title":{"rendered":"Carlos G\u00f3mez"},"content":{"rendered":"\t\t<div data-elementor-type=\"wp-post\" data-elementor-id=\"3102\" class=\"elementor elementor-3102\">\n\t\t\t\t<div class=\"elementor-element elementor-element-815e168 e-flex e-con-boxed e-con e-parent\" data-id=\"815e168\" data-element_type=\"container\">\n\t\t\t\t\t<div class=\"e-con-inner\">\n\t\t<div class=\"elementor-element elementor-element-7afa690 e-con-full e-flex e-con e-child\" data-id=\"7afa690\" data-element_type=\"container\">\n\t\t\t\t<div class=\"elementor-element elementor-element-7deb65c elementor-widget elementor-widget-image\" data-id=\"7deb65c\" data-element_type=\"widget\" data-widget_type=\"image.default\">\n\t\t\t\t<div class=\"elementor-widget-container\">\n\t\t\t<style>\/*! elementor - v3.22.0 - 26-06-2024 *\/\n.elementor-widget-image{text-align:center}.elementor-widget-image a{display:inline-block}.elementor-widget-image a img[src$=\".svg\"]{width:48px}.elementor-widget-image img{vertical-align:middle;display:inline-block}<\/style>\t\t\t\t\t\t\t\t\t\t<img fetchpriority=\"high\" decoding=\"async\" width=\"682\" height=\"1024\" src=\"https:\/\/iracacapital.com\/wp-content\/uploads\/2024\/12\/1C5A8733-682x1024.jpg\" class=\"attachment-large size-large wp-image-3103\" alt=\"\" srcset=\"https:\/\/iracacapital.com\/wp-content\/uploads\/2024\/12\/1C5A8733-682x1024.jpg 682w, https:\/\/iracacapital.com\/wp-content\/uploads\/2024\/12\/1C5A8733-200x300.jpg 200w, https:\/\/iracacapital.com\/wp-content\/uploads\/2024\/12\/1C5A8733-768x1152.jpg 768w, https:\/\/iracacapital.com\/wp-content\/uploads\/2024\/12\/1C5A8733-1024x1536.jpg 1024w, https:\/\/iracacapital.com\/wp-content\/uploads\/2024\/12\/1C5A8733.jpg 1333w\" sizes=\"(max-width: 682px) 100vw, 682px\" \/>\t\t\t\t\t\t\t\t\t\t\t\t\t<\/div>\n\t\t\t\t<\/div>\n\t\t\t\t<\/div>\n\t\t<div class=\"elementor-element elementor-element-2e6953a e-con-full e-flex e-con e-child\" data-id=\"2e6953a\" data-element_type=\"container\">\n\t\t\t\t<div class=\"elementor-element elementor-element-38b989e elementor-widget elementor-widget-lastudio-testimonials\" data-id=\"38b989e\" data-element_type=\"widget\" data-widget_type=\"lastudio-testimonials.default\">\n\t\t\t\t<div class=\"elementor-widget-container\">\n\t\t\t\n<div class=\"lastudio-testimonials preset-type-5\">\n\t<div class=\"grid-items block-grid-1\"  dir=\"ltr\"><div class=\"lastudio-testimonials__item grid-item\">\n\t<div class=\"lastudio-testimonials__item-inner\">\n\t\t<div class=\"lastudio-testimonials__content\"><div class=\"lastudio-testimonials__comment\"><div>Ingeniero egresado de la Universidad de los Andes con estudios de postgrado en administraci\u00f3n de empresas (MBA) de la misma universidad. Carlos cuenta con m\u00e1s de 20 a\u00f1os de experiencia en Banca de inversi\u00f3n y finanzas corporativas. Su experiencia se centra principalmente en valoraci\u00f3n de empresas, modelamiento y estructuraci\u00f3n financiera de proyectos, consultor\u00eda en planeaci\u00f3n y control financiero y apoyo en procesos de fusi\u00f3n, compra y venta de compa\u00f1\u00edas en diferentes sectores de la econom\u00eda. Ha estado vinculado con algunas firmas de banca de inversi\u00f3n como Inverlink, Proinbank e Innosulting y como asesor en fondos de capital privado.<\/div><\/div><div class=\"lastudio-testimonials__name\"><span>Carlos G\u00f3mez<\/span><\/div><div class=\"lastudio-testimonials__position\"><span>Director de Fusiones y Adquisiciones<\/span><\/div><div class=\"lastudio-testimonials__rating\"><span class=\"star-rating\"><span style=\"width: 100%\"><\/span><\/span><\/div><\/div>\n\t<\/div>\n<\/div><\/div>\n<\/div>\t\t<\/div>\n\t\t\t\t<\/div>\n\t\t\t\t<\/div>\n\t\t\t\t\t<\/div>\n\t\t\t\t<\/div>\n\t\t\t\t<\/div>\n\t\t","protected":false},"excerpt":{"rendered":"","protected":false},"author":1,"featured_media":0,"parent":0,"menu_order":0,"comment_status":"closed","ping_status":"closed","template":"","meta":{"footnotes":""},"class_list":["post-3102","page","type-page","status-publish","hentry"],"_links":{"self":[{"href":"https:\/\/iracacapital.com\/index.php?rest_route=\/wp\/v2\/pages\/3102","targetHints":{"allow":["GET"]}}],"collection":[{"href":"https:\/\/iracacapital.com\/index.php?rest_route=\/wp\/v2\/pages"}],"about":[{"href":"https:\/\/iracacapital.com\/index.php?rest_route=\/wp\/v2\/types\/page"}],"author":[{"embeddable":true,"href":"https:\/\/iracacapital.com\/index.php?rest_route=\/wp\/v2\/users\/1"}],"replies":[{"embeddable":true,"href":"https:\/\/iracacapital.com\/index.php?rest_route=%2Fwp%2Fv2%2Fcomments&post=3102"}],"version-history":[{"count":18,"href":"https:\/\/iracacapital.com\/index.php?rest_route=\/wp\/v2\/pages\/3102\/revisions"}],"predecessor-version":[{"id":3131,"href":"https:\/\/iracacapital.com\/index.php?rest_route=\/wp\/v2\/pages\/3102\/revisions\/3131"}],"wp:attachment":[{"href":"https:\/\/iracacapital.com\/index.php?rest_route=%2Fwp%2Fv2%2Fmedia&parent=3102"}],"curies":[{"name":"wp","href":"https:\/\/api.w.org\/{rel}","templated":true}]}}