{"id":3010,"date":"2024-07-08T17:46:17","date_gmt":"2024-07-08T15:46:17","guid":{"rendered":"https:\/\/iracacapital.com\/?page_id=3010"},"modified":"2024-12-01T19:03:31","modified_gmt":"2024-12-01T18:03:31","slug":"wolfan-pinzon","status":"publish","type":"page","link":"https:\/\/iracacapital.com\/?page_id=3010","title":{"rendered":"Wolfan Pinz\u00f3n"},"content":{"rendered":"\t\t<div data-elementor-type=\"wp-post\" data-elementor-id=\"3010\" class=\"elementor elementor-3010\">\n\t\t\t\t<div class=\"elementor-element elementor-element-815e168 e-flex e-con-boxed e-con e-parent\" data-id=\"815e168\" data-element_type=\"container\">\n\t\t\t\t\t<div class=\"e-con-inner\">\n\t\t<div class=\"elementor-element elementor-element-7afa690 e-con-full e-flex e-con e-child\" data-id=\"7afa690\" data-element_type=\"container\">\n\t\t\t\t<div class=\"elementor-element elementor-element-7deb65c elementor-widget elementor-widget-image\" data-id=\"7deb65c\" data-element_type=\"widget\" data-widget_type=\"image.default\">\n\t\t\t\t<div class=\"elementor-widget-container\">\n\t\t\t<style>\/*! elementor - v3.22.0 - 26-06-2024 *\/\n.elementor-widget-image{text-align:center}.elementor-widget-image a{display:inline-block}.elementor-widget-image a img[src$=\".svg\"]{width:48px}.elementor-widget-image img{vertical-align:middle;display:inline-block}<\/style>\t\t\t\t\t\t\t\t\t\t<img fetchpriority=\"high\" decoding=\"async\" width=\"682\" height=\"1024\" src=\"https:\/\/iracacapital.com\/wp-content\/uploads\/2024\/12\/1C5A8790-682x1024.jpg\" class=\"attachment-large size-large wp-image-3092\" alt=\"\" srcset=\"https:\/\/iracacapital.com\/wp-content\/uploads\/2024\/12\/1C5A8790-682x1024.jpg 682w, https:\/\/iracacapital.com\/wp-content\/uploads\/2024\/12\/1C5A8790-200x300.jpg 200w, https:\/\/iracacapital.com\/wp-content\/uploads\/2024\/12\/1C5A8790-768x1152.jpg 768w, https:\/\/iracacapital.com\/wp-content\/uploads\/2024\/12\/1C5A8790-1024x1536.jpg 1024w, https:\/\/iracacapital.com\/wp-content\/uploads\/2024\/12\/1C5A8790.jpg 1333w\" sizes=\"(max-width: 682px) 100vw, 682px\" \/>\t\t\t\t\t\t\t\t\t\t\t\t\t<\/div>\n\t\t\t\t<\/div>\n\t\t\t\t<\/div>\n\t\t<div class=\"elementor-element elementor-element-2e6953a e-con-full e-flex e-con e-child\" data-id=\"2e6953a\" data-element_type=\"container\">\n\t\t\t\t<div class=\"elementor-element elementor-element-38b989e elementor-widget elementor-widget-lastudio-testimonials\" data-id=\"38b989e\" data-element_type=\"widget\" data-widget_type=\"lastudio-testimonials.default\">\n\t\t\t\t<div class=\"elementor-widget-container\">\n\t\t\t\n<div class=\"lastudio-testimonials preset-type-5\">\n\t<div class=\"grid-items block-grid-1\"  dir=\"ltr\"><div class=\"lastudio-testimonials__item grid-item\">\n\t<div class=\"lastudio-testimonials__item-inner\">\n\t\t<div class=\"lastudio-testimonials__content\"><div class=\"lastudio-testimonials__comment\"><div>Abogado, con Especializaci\u00f3n en Derecho Contractual y Relaciones Jur\u00eddico Neg\u00f3ciales de la Universidad Externado de Colombia y Especializaci\u00f3n en Derecho Tributario de la misma universidad, Diplomado en Tributaci\u00f3n Departamental del ICDT  y en Derecho Migratorio de la Universidad de los Andes entre otros, con amplio conocimiento en estructuraci\u00f3n de fiducias, contratos de inversi\u00f3n, an\u00e1lisis y constituci\u00f3n de garant\u00edas para entidades financieras y particulares.<\/div><\/div><div class=\"lastudio-testimonials__name\"><span>Wolfan Pinz\u00f3n<\/span><\/div><div class=\"lastudio-testimonials__position\"><span>Abogado<\/span><\/div><div class=\"lastudio-testimonials__rating\"><span class=\"star-rating\"><span style=\"width: 100%\"><\/span><\/span><\/div><\/div>\n\t<\/div>\n<\/div><\/div>\n<\/div>\t\t<\/div>\n\t\t\t\t<\/div>\n\t\t\t\t<\/div>\n\t\t\t\t\t<\/div>\n\t\t\t\t<\/div>\n\t\t\t\t<\/div>\n\t\t","protected":false},"excerpt":{"rendered":"","protected":false},"author":1,"featured_media":0,"parent":0,"menu_order":0,"comment_status":"closed","ping_status":"closed","template":"","meta":{"footnotes":""},"class_list":["post-3010","page","type-page","status-publish","hentry"],"_links":{"self":[{"href":"https:\/\/iracacapital.com\/index.php?rest_route=\/wp\/v2\/pages\/3010","targetHints":{"allow":["GET"]}}],"collection":[{"href":"https:\/\/iracacapital.com\/index.php?rest_route=\/wp\/v2\/pages"}],"about":[{"href":"https:\/\/iracacapital.com\/index.php?rest_route=\/wp\/v2\/types\/page"}],"author":[{"embeddable":true,"href":"https:\/\/iracacapital.com\/index.php?rest_route=\/wp\/v2\/users\/1"}],"replies":[{"embeddable":true,"href":"https:\/\/iracacapital.com\/index.php?rest_route=%2Fwp%2Fv2%2Fcomments&post=3010"}],"version-history":[{"count":11,"href":"https:\/\/iracacapital.com\/index.php?rest_route=\/wp\/v2\/pages\/3010\/revisions"}],"predecessor-version":[{"id":3101,"href":"https:\/\/iracacapital.com\/index.php?rest_route=\/wp\/v2\/pages\/3010\/revisions\/3101"}],"wp:attachment":[{"href":"https:\/\/iracacapital.com\/index.php?rest_route=%2Fwp%2Fv2%2Fmedia&parent=3010"}],"curies":[{"name":"wp","href":"https:\/\/api.w.org\/{rel}","templated":true}]}}