{"id":3003,"date":"2024-07-08T17:42:36","date_gmt":"2024-07-08T15:42:36","guid":{"rendered":"https:\/\/iracacapital.com\/?page_id=3003"},"modified":"2024-07-08T17:43:59","modified_gmt":"2024-07-08T15:43:59","slug":"paul-franco","status":"publish","type":"page","link":"https:\/\/iracacapital.com\/?page_id=3003","title":{"rendered":"Paul Franco"},"content":{"rendered":"\t\t<div data-elementor-type=\"wp-post\" data-elementor-id=\"3003\" class=\"elementor elementor-3003\">\n\t\t\t\t<div class=\"elementor-element elementor-element-815e168 e-flex e-con-boxed e-con e-parent\" data-id=\"815e168\" data-element_type=\"container\">\n\t\t\t\t\t<div class=\"e-con-inner\">\n\t\t<div class=\"elementor-element elementor-element-7afa690 e-con-full e-flex e-con e-child\" data-id=\"7afa690\" data-element_type=\"container\">\n\t\t\t\t<div class=\"elementor-element elementor-element-7deb65c elementor-widget elementor-widget-image\" data-id=\"7deb65c\" data-element_type=\"widget\" data-widget_type=\"image.default\">\n\t\t\t\t<div class=\"elementor-widget-container\">\n\t\t\t<style>\/*! elementor - v3.22.0 - 26-06-2024 *\/\n.elementor-widget-image{text-align:center}.elementor-widget-image a{display:inline-block}.elementor-widget-image a img[src$=\".svg\"]{width:48px}.elementor-widget-image img{vertical-align:middle;display:inline-block}<\/style>\t\t\t\t\t\t\t\t\t\t<img fetchpriority=\"high\" decoding=\"async\" width=\"683\" height=\"1024\" src=\"https:\/\/iracacapital.com\/wp-content\/uploads\/2024\/07\/1C5A7686.jpg\" class=\"attachment-large size-large wp-image-2974\" alt=\"\" \/>\t\t\t\t\t\t\t\t\t\t\t\t\t<\/div>\n\t\t\t\t<\/div>\n\t\t\t\t<\/div>\n\t\t<div class=\"elementor-element elementor-element-2e6953a e-con-full e-flex e-con e-child\" data-id=\"2e6953a\" data-element_type=\"container\">\n\t\t\t\t<div class=\"elementor-element elementor-element-38b989e elementor-widget elementor-widget-lastudio-testimonials\" data-id=\"38b989e\" data-element_type=\"widget\" data-widget_type=\"lastudio-testimonials.default\">\n\t\t\t\t<div class=\"elementor-widget-container\">\n\t\t\t\n<div class=\"lastudio-testimonials preset-type-5\">\n\t<div class=\"grid-items block-grid-1\"  dir=\"ltr\"><div class=\"lastudio-testimonials__item grid-item\">\n\t<div class=\"lastudio-testimonials__item-inner\">\n\t\t<div class=\"lastudio-testimonials__content\"><div class=\"lastudio-testimonials__comment\"><div>Administrador de Empresas, egresado de la Universidad Externado de Colombia, con Maestr\u00eda en Administraci\u00f3n Financiera de la Universidad EAFIT, Paul cuenta con m\u00e1s de 19 a\u00f1os de experiencia en el sector financiero, en temas de financiaci\u00f3n, estructuraci\u00f3n y utilizaci\u00f3n de veh\u00edculos de inversi\u00f3n. Amplia experiencia en el \u00e1rea comercial, lo que le permite entender con facilidad las necesidades de los clientes inversionistas y as\u00ed poder generarles ofertas de valor espec\u00edficas.<\/div><\/div><div class=\"lastudio-testimonials__name\"><span>Paul Franco<\/span><\/div><div class=\"lastudio-testimonials__position\"><span>Director Comercial<\/span><\/div><div class=\"lastudio-testimonials__rating\"><span class=\"star-rating\"><span style=\"width: 100%\"><\/span><\/span><\/div><\/div>\n\t<\/div>\n<\/div><\/div>\n<\/div>\t\t<\/div>\n\t\t\t\t<\/div>\n\t\t\t\t<\/div>\n\t\t\t\t\t<\/div>\n\t\t\t\t<\/div>\n\t\t\t\t<\/div>\n\t\t","protected":false},"excerpt":{"rendered":"","protected":false},"author":1,"featured_media":0,"parent":0,"menu_order":0,"comment_status":"closed","ping_status":"closed","template":"","meta":{"footnotes":""},"class_list":["post-3003","page","type-page","status-publish","hentry"],"_links":{"self":[{"href":"https:\/\/iracacapital.com\/index.php?rest_route=\/wp\/v2\/pages\/3003","targetHints":{"allow":["GET"]}}],"collection":[{"href":"https:\/\/iracacapital.com\/index.php?rest_route=\/wp\/v2\/pages"}],"about":[{"href":"https:\/\/iracacapital.com\/index.php?rest_route=\/wp\/v2\/types\/page"}],"author":[{"embeddable":true,"href":"https:\/\/iracacapital.com\/index.php?rest_route=\/wp\/v2\/users\/1"}],"replies":[{"embeddable":true,"href":"https:\/\/iracacapital.com\/index.php?rest_route=%2Fwp%2Fv2%2Fcomments&post=3003"}],"version-history":[{"count":5,"href":"https:\/\/iracacapital.com\/index.php?rest_route=\/wp\/v2\/pages\/3003\/revisions"}],"predecessor-version":[{"id":3008,"href":"https:\/\/iracacapital.com\/index.php?rest_route=\/wp\/v2\/pages\/3003\/revisions\/3008"}],"wp:attachment":[{"href":"https:\/\/iracacapital.com\/index.php?rest_route=%2Fwp%2Fv2%2Fmedia&parent=3003"}],"curies":[{"name":"wp","href":"https:\/\/api.w.org\/{rel}","templated":true}]}}