{"id":2981,"date":"2024-07-08T17:18:38","date_gmt":"2024-07-08T15:18:38","guid":{"rendered":"https:\/\/iracacapital.com\/?page_id=2981"},"modified":"2024-07-08T17:51:34","modified_gmt":"2024-07-08T15:51:34","slug":"alejandra-forero","status":"publish","type":"page","link":"https:\/\/iracacapital.com\/?page_id=2981","title":{"rendered":"Alejandra Forero"},"content":{"rendered":"\t\t<div data-elementor-type=\"wp-post\" data-elementor-id=\"2981\" class=\"elementor elementor-2981\">\n\t\t\t\t<div class=\"elementor-element elementor-element-815e168 e-flex e-con-boxed e-con e-parent\" data-id=\"815e168\" data-element_type=\"container\">\n\t\t\t\t\t<div class=\"e-con-inner\">\n\t\t<div class=\"elementor-element elementor-element-7afa690 e-con-full e-flex e-con e-child\" data-id=\"7afa690\" data-element_type=\"container\">\n\t\t\t\t<div class=\"elementor-element elementor-element-7deb65c elementor-widget elementor-widget-image\" data-id=\"7deb65c\" data-element_type=\"widget\" data-widget_type=\"image.default\">\n\t\t\t\t<div class=\"elementor-widget-container\">\n\t\t\t<style>\/*! elementor - v3.22.0 - 26-06-2024 *\/\n.elementor-widget-image{text-align:center}.elementor-widget-image a{display:inline-block}.elementor-widget-image a img[src$=\".svg\"]{width:48px}.elementor-widget-image img{vertical-align:middle;display:inline-block}<\/style>\t\t\t\t\t\t\t\t\t\t<img fetchpriority=\"high\" decoding=\"async\" width=\"683\" height=\"1024\" src=\"https:\/\/iracacapital.com\/wp-content\/uploads\/2024\/07\/Alejandra-Forero-MD.jpg\" class=\"attachment-large size-large wp-image-2976\" alt=\"\" \/>\t\t\t\t\t\t\t\t\t\t\t\t\t<\/div>\n\t\t\t\t<\/div>\n\t\t\t\t<\/div>\n\t\t<div class=\"elementor-element elementor-element-2e6953a e-con-full e-flex e-con e-child\" data-id=\"2e6953a\" data-element_type=\"container\">\n\t\t\t\t<div class=\"elementor-element elementor-element-38b989e elementor-widget elementor-widget-lastudio-testimonials\" data-id=\"38b989e\" data-element_type=\"widget\" data-widget_type=\"lastudio-testimonials.default\">\n\t\t\t\t<div class=\"elementor-widget-container\">\n\t\t\t\n<div class=\"lastudio-testimonials preset-type-5\">\n\t<div class=\"grid-items block-grid-1\"  dir=\"ltr\"><div class=\"lastudio-testimonials__item grid-item\">\n\t<div class=\"lastudio-testimonials__item-inner\">\n\t\t<div class=\"lastudio-testimonials__content\"><div class=\"lastudio-testimonials__comment\"><div>Administradora de Empresas egresada de la Universidad de la Sabana, con especializaci\u00f3n en Gerencia Estrat\u00e9gica de Costos de la misma Universidad, Alejandra cuenta con m\u00e1s de 25 a\u00f1os de experiencia en la creaci\u00f3n, estructuraci\u00f3n y administraci\u00f3n de empresas, en el sector de alimentos, de la inform\u00e1tica, y financiero. Su amplia experiencia le permite entender las necesidades del cliente empresarial y trabajar en pro de soluciones que realmente suplan dichas necesidades.<\/div><\/div><div class=\"lastudio-testimonials__name\"><span>Alejandra Forero<\/span><\/div><div class=\"lastudio-testimonials__position\"><span>Directora Administrativa<\/span><\/div><div class=\"lastudio-testimonials__rating\"><span class=\"star-rating\"><span style=\"width: 100%\"><\/span><\/span><\/div><\/div>\n\t<\/div>\n<\/div><\/div>\n<\/div>\t\t<\/div>\n\t\t\t\t<\/div>\n\t\t\t\t<\/div>\n\t\t\t\t\t<\/div>\n\t\t\t\t<\/div>\n\t\t\t\t<\/div>\n\t\t","protected":false},"excerpt":{"rendered":"","protected":false},"author":1,"featured_media":0,"parent":0,"menu_order":0,"comment_status":"closed","ping_status":"closed","template":"","meta":{"footnotes":""},"class_list":["post-2981","page","type-page","status-publish","hentry"],"_links":{"self":[{"href":"https:\/\/iracacapital.com\/index.php?rest_route=\/wp\/v2\/pages\/2981","targetHints":{"allow":["GET"]}}],"collection":[{"href":"https:\/\/iracacapital.com\/index.php?rest_route=\/wp\/v2\/pages"}],"about":[{"href":"https:\/\/iracacapital.com\/index.php?rest_route=\/wp\/v2\/types\/page"}],"author":[{"embeddable":true,"href":"https:\/\/iracacapital.com\/index.php?rest_route=\/wp\/v2\/users\/1"}],"replies":[{"embeddable":true,"href":"https:\/\/iracacapital.com\/index.php?rest_route=%2Fwp%2Fv2%2Fcomments&post=2981"}],"version-history":[{"count":10,"href":"https:\/\/iracacapital.com\/index.php?rest_route=\/wp\/v2\/pages\/2981\/revisions"}],"predecessor-version":[{"id":3020,"href":"https:\/\/iracacapital.com\/index.php?rest_route=\/wp\/v2\/pages\/2981\/revisions\/3020"}],"wp:attachment":[{"href":"https:\/\/iracacapital.com\/index.php?rest_route=%2Fwp%2Fv2%2Fmedia&parent=2981"}],"curies":[{"name":"wp","href":"https:\/\/api.w.org\/{rel}","templated":true}]}}